{"id":158,"date":"2025-02-09T15:02:12","date_gmt":"2025-02-09T14:02:12","guid":{"rendered":"https:\/\/mb2sconsultants.fr\/?page_id=158"},"modified":"2025-02-20T16:20:52","modified_gmt":"2025-02-20T15:20:52","slug":"158-2","status":"publish","type":"page","link":"https:\/\/mb2sconsultants.fr\/","title":{"rendered":"MB2S Consultants"},"content":{"rendered":"\n<p class=\"has-text-align-center has-background-background-color has-text-color has-background has-link-color has-large-font-size wp-elements-f4b691177aefc7d5518aa10d9ca6ec28\" style=\"color:#590927\"><\/p>\n\n\n\n<div class=\"wp-block-media-text is-stacked-on-mobile is-vertically-aligned-center\" style=\"grid-template-columns:29% auto\"><figure class=\"wp-block-media-text__media\"><img loading=\"lazy\" decoding=\"async\" width=\"1024\" height=\"768\" src=\"https:\/\/mb2sconsultants.fr\/wp-content\/uploads\/2025\/02\/IMG-20250214-WA0003-2-1024x768.jpg\" alt=\"\" class=\"wp-image-238 size-large\" srcset=\"https:\/\/mb2sconsultants.fr\/wp-content\/uploads\/2025\/02\/IMG-20250214-WA0003-2-1024x768.jpg 1024w, https:\/\/mb2sconsultants.fr\/wp-content\/uploads\/2025\/02\/IMG-20250214-WA0003-2-300x225.jpg 300w, https:\/\/mb2sconsultants.fr\/wp-content\/uploads\/2025\/02\/IMG-20250214-WA0003-2-768x576.jpg 768w, https:\/\/mb2sconsultants.fr\/wp-content\/uploads\/2025\/02\/IMG-20250214-WA0003-2-1536x1152.jpg 1536w, https:\/\/mb2sconsultants.fr\/wp-content\/uploads\/2025\/02\/IMG-20250214-WA0003-2.jpg 2040w\" sizes=\"auto, (max-width: 1024px) 100vw, 1024px\" \/><\/figure><div class=\"wp-block-media-text__content\">\n<p class=\"has-text-color has-link-color has-x-large-font-size wp-elements-519fa9936e6a66c2f01b727059798457\" style=\"color:#590927\"><strong>Pierre Menc\u00e8s<\/strong><\/p>\n<\/div><\/div>\n\n\n\n<p class=\"has-text-color has-link-color has-medium-font-size wp-elements-038c332a0cd6b6ab7e93f0afb170a9af\" style=\"color:#6d6c6c\"><br><strong>Juriste de formation en droit du travail, formateur exp\u00e9riment\u00e9,           sp\u00e9cialiste des relations collectives du travail depuis 1989, <\/strong> <strong>consultant ind\u00e9pendant depuis 2013.<br>Poss\u00e9dant une connaissance approfondie des syndicats et des institutions repr\u00e9sentatives du personnel,                                                                                 il apporte son exp\u00e9rience, sa connaissance du terrain et son esprit de synth\u00e8se au service des relations sociales.<br>Intervenant \u00e9galement pour de grands groupes de formation tels que:         Lamy Formation\/Liaisons Sociales formation ou Francis Lefebvre\/Dalloz.<\/strong>      <strong> <\/strong> <strong>Ses domaines de pr\u00e9dilection sont la strat\u00e9gie de relations sociales, l&rsquo;organisation des \u00e9lections professionnelles, la gestion des institutions repr\u00e9sentatives du personnel par les directions d\u2019entreprise. Le r\u00f4le et les missions des \u00e9lus, la n\u00e9gociation sociale. Plus g\u00e9n\u00e9ralement, sur tous les sujets touchant aux relations collectives du travail.<br>A ce jour il compte plus de 400 modules anim\u00e9 et 80 missions de conseil         ou d\u2019accompagnement.<\/strong><\/p>\n\n\n\n<p class=\"has-text-align-center has-text-color has-background has-link-color has-x-large-font-size wp-elements-dcc816a16d0420e7acc9633782018a9b\" style=\"color:#6d6c6c;background-color:#e4d2d2\"><strong>SES MISSIONS<\/strong>: <strong>Accompagner et former<\/strong> <strong> les intervenants en relations sociales<\/strong><\/p>\n\n\n\n<figure class=\"wp-block-gallery has-nested-images columns-default is-cropped wp-block-gallery-2 is-layout-flex wp-block-gallery-is-layout-flex\" style=\"border-style:none;border-width:0px;border-radius:0px\">\n<figure class=\"wp-block-image size-medium has-custom-border wp-duotone-unset-1\" style=\"margin-top:0;margin-bottom:0\"><a href=\"#direction\"><img loading=\"lazy\" decoding=\"async\" width=\"300\" height=\"190\" data-id=\"251\" src=\"https:\/\/mb2sconsultants.fr\/wp-content\/uploads\/2025\/02\/reunion-1-1-300x190.jpg\" alt=\"Direction\" class=\"wp-image-251\" style=\"border-style:none;border-width:0px;border-radius:0px\" srcset=\"https:\/\/mb2sconsultants.fr\/wp-content\/uploads\/2025\/02\/reunion-1-1-300x190.jpg 300w, https:\/\/mb2sconsultants.fr\/wp-content\/uploads\/2025\/02\/reunion-1-1.jpg 412w\" sizes=\"auto, (max-width: 300px) 100vw, 300px\" \/><\/a><figcaption class=\"wp-element-caption\"><strong>Direction<\/strong><\/figcaption><\/figure>\n\n\n\n<figure class=\"wp-block-image alignleft size-medium has-custom-border\"><a href=\"#repr\u00e9sentants\"><img loading=\"lazy\" decoding=\"async\" width=\"300\" height=\"172\" data-id=\"252\" src=\"https:\/\/mb2sconsultants.fr\/wp-content\/uploads\/2025\/02\/LIVRES-DE-DROIT3-1-300x172.jpg\" alt=\"\" class=\"wp-image-252\" style=\"border-style:none;border-width:0px\" srcset=\"https:\/\/mb2sconsultants.fr\/wp-content\/uploads\/2025\/02\/LIVRES-DE-DROIT3-1-300x172.jpg 300w, https:\/\/mb2sconsultants.fr\/wp-content\/uploads\/2025\/02\/LIVRES-DE-DROIT3-1-768x440.jpg 768w, https:\/\/mb2sconsultants.fr\/wp-content\/uploads\/2025\/02\/LIVRES-DE-DROIT3-1.jpg 997w\" sizes=\"auto, (max-width: 300px) 100vw, 300px\" \/><\/a><figcaption class=\"wp-element-caption\"><strong>Repr\u00e9sentants<\/strong> <strong>du personnel<\/strong><\/figcaption><\/figure>\n\n\n\n<figure class=\"wp-block-image size-medium has-custom-border\"><a href=\"#sur_mesure\"><img loading=\"lazy\" decoding=\"async\" width=\"300\" height=\"198\" data-id=\"250\" src=\"https:\/\/mb2sconsultants.fr\/wp-content\/uploads\/2025\/02\/bureau1-300x198.jpg\" alt=\"\" class=\"wp-image-250\" style=\"border-style:none;border-width:0px\" srcset=\"https:\/\/mb2sconsultants.fr\/wp-content\/uploads\/2025\/02\/bureau1-300x198.jpg 300w, https:\/\/mb2sconsultants.fr\/wp-content\/uploads\/2025\/02\/bureau1.jpg 420w\" sizes=\"auto, (max-width: 300px) 100vw, 300px\" \/><\/a><figcaption class=\"wp-element-caption\"><strong>Formation sur mesure<\/strong><\/figcaption><\/figure>\n<\/figure>\n\n\n\n<p class=\"has-text-align-center has-text-color has-link-color has-large-font-size wp-elements-dba4f0d90ad284deb0d87b919873b789\" id=\"direction\" style=\"color:#590927\"><strong>Accompagner les directions d\u2019entreprises, d\u2019\u00e9tablissements ou de ressources humaines<\/strong><\/p>\n\n\n\n<p class=\"has-text-color has-link-color wp-elements-1e05d651e478cc7378059aab25998489\" style=\"color:#6d6c6c\"><br><strong>\u2751 Organisation et appui sur la mise en \u0153uvre des \u00e9lections professionnelles<br>\u2751 Accompagnement dans la gestion des IRP (institutions repr\u00e9sentatives du personnel) au travers de syndicats ou de CSE (comit\u00e9 social et \u00e9conomique)<br>\u2751 Pr\u00e9sider le comit\u00e9 social et \u00e9conomique (CSE)<br>\u2751 Pr\u00e9sider la commission sant\u00e9 s\u00e9curit\u00e9 et conditions de travail (CSSCT)<br>\u2751 Accompagnement \u00e0 la gestion quotidienne du CSE<br>\u2751 Mise en place de la n\u00e9gociation sociale<br>\u2751 Appui \u00e0 la n\u00e9gociation et \u00e0 la r\u00e9daction d\u2019accords collectifs <br>\u2751 Mettre en place un accord de droit syndical<br>\u2751 N\u00e9gocier la mise en place d\u2019un CSE<br>\u2751 N\u00e9gocier un protocole d\u2019accord pr\u00e9\u00e9lectoral<br>\u2751 N\u00e9gocier le temps de travail<br>\u2751 Appui conseil en cas de conflits collectifs<\/strong><\/p>\n\n\n\n<p class=\"has-text-color has-link-color wp-elements-c5d6b0c188cbfae02def9911b75ddec1\" style=\"color:#6d6c6c\">  <strong>\u2751 \u2026\/\u2026<\/strong>                                                                                                                                                          <\/p>\n\n\n\n<p class=\"has-text-align-center has-text-color has-link-color has-large-font-size wp-elements-a6fc6356eb2010ad2124cf1d93a2c632\" style=\"color:#590927;line-height:1.3\"><strong>Former les directions d\u2019entreprises, d\u2019\u00e9tablissements ou de ressources humaines<\/strong><\/p>\n\n\n\n<p class=\"has-text-color has-link-color has-medium-font-size wp-elements-1a4c5324f043f94a2d2b92f6a7a1356b\" style=\"color:#6d6c6c\"><strong>\u2751 Pr\u00e9sider le comit\u00e9 social et \u00e9conomique (CSE), (entreprises de \u2013 de 50 salari\u00e9s) (1 JOUR )<br>\u2751 Pr\u00e9sider le comit\u00e9 social et \u00e9conomique (CSE) (entreprises de+ de 50 salari\u00e9s) (2 JOURS)<br>\u2751 Comprendre le fait syndical et les interlocuteurs pour favoriser un dialogue social performant (1 JOUR )<br>\u2751 N\u00e9gocier le Droit syndical et la mise en \u0153uvre du dialogue social (1 JOUR)<br>\u2751 N\u00e9gocier avec les \u00e9lus du CSE ou sans repr\u00e9sentants du personnel                (1 ou 2 JOURS)<br>\u2751 Le cadre l\u00e9gal de la n\u00e9gociation (1 JOUR)<br>\u2751 Mettre en place une n\u00e9gociation sur le t\u00e9l\u00e9travail (1JOUR)<br>\u2751 Mettre en place une BDESE (1 JOUR)<br>\u2751 Utiliser le dialogue social au service de la protection de l\u2019environnement<\/strong>     <strong> (1 JOUR)<br>\u2751 Manager des repr\u00e9sentants du personnel au quotidien (1 JOUR)<br>\u2751 Pr\u00e9sider la commission sant\u00e9, s\u00e9curit\u00e9 et conditions de travail OU traiter les sujets de sant\u00e9, s\u00e9curit\u00e9 et conditions de travail dans un CSE sans CSSCT<\/strong>           <strong> (1 ou 2 JOURS)<br>\u2751 Mettre en place le DUERP (1 JOUR)<\/strong><\/p>\n\n\n\n<p class=\"has-text-align-center has-text-color has-link-color has-large-font-size wp-elements-e4a7ed5bfe80e86dd8810551ee639c5e\" id=\"repr\u00e9sentants\" style=\"color:#590927;line-height:1\"><strong>Accompagner les repr\u00e9sentants du personnel<\/strong><\/p>\n\n\n\n<p class=\"has-text-color has-link-color has-medium-font-size wp-elements-519bbbd393fdceee49bbefa08e203b29\" style=\"color:#6d6c6c\"><strong>\u2751 Accompagnement des \u00e9lus du CSE dans leur fonctionnement au quotidien<br>(r\u00e9daction d\u2019avis, r\u00e9clamations, choix d\u2019un expert, r\u00e9daction d\u2019un droit d\u2019alerte\u2026)<br>\u2751 Plateforme d\u2019assistance pour les CSE (questions\/r\u00e9ponses)<br>\u2751 Appui conseil en cas de conflits collectifs<br>\u2751 Appui \u00e0 la n\u00e9gociation d\u2019accords collectifs :<br>&#8211;  Mettre en place un accord de droit syndical<br>&#8211;  N\u00e9gocier la mise en place d\u2019un CSE<br>&#8211;  N\u00e9gocier un protocole d\u2019accord pr\u00e9\u00e9lectoral<br>&#8211;  N\u00e9gocier le temps de travail<br>&#8211;  N\u00e9gocier le t\u00e9l\u00e9travail<\/strong>                                                                                                                                                                                                                                                                                                                                                                                                                                                                                                                                                                                                                              <strong><br><strong>\u2751<\/strong> \u2026\/\u2026<\/strong><\/p>\n\n\n\n<p class=\"has-text-align-center has-text-color has-link-color has-large-font-size wp-elements-b6d796ad176f7d8f5712b080ac1ca578\" style=\"color:#590927\"><strong>Former les \u00e9lus du personnel<\/strong> <\/p>\n\n\n\n<p class=\"has-text-color has-link-color has-medium-font-size wp-elements-74dea883eb4681beff3ba2c9b22308ca\" style=\"color:#6d6c6c;margin-right:0;margin-left:0;padding-right:0;padding-left:0\"><strong>\u2751 Formation \u00e9conomique des \u00e9lus du CSE Module 1 Fonctionnement                et attributions (2 jours)<br>\u2751 Formation sant\u00e9, s\u00e9curit\u00e9 et conditions de travail pour les \u00e9lus du CSE          ou de la CSSCT (3 ou 5 jours)<br>module de 5 Jours d\u00e9coup\u00e9 en 3+2 Jours<br>\u2751 N\u00e9gocier dans les entreprises sans d\u00e9l\u00e9gu\u00e9s syndicaux (1 ou 2 Jours)<br>\u2751 Le cadre l\u00e9gal de la n\u00e9gociation 1 ou 2 Jours<br>\u2751 Mettre en place une n\u00e9gociation sur le t\u00e9l\u00e9travail (1 Jour)<br>\u2751 Comprendre et utiliser la BDESE (1 Jour)<br>\u2751 Utiliser le dialogue social au service de la protection de l\u2019environnement       (1 Jour)<br>\u2751 Secr\u00e9taire de CSE (2 jours)<br>\u2751 Tr\u00e9sorier de CSE (2 jours)<br>\u2751 Secr\u00e9taire ou animateur de la commission SSCT (1 jour)<\/strong><\/p>\n\n\n\n<p class=\"has-text-align-center has-text-color has-link-color has-large-font-size wp-elements-ff41a180d40f77fb35421287e0849c7e\" id=\"sur_mesure\" style=\"color:#590927\"><strong>D\u00e9roulement de nos formations<\/strong><\/p>\n\n\n\n<p class=\"has-text-color has-link-color has-medium-font-size wp-elements-e941392e35a4abdfffbd671103f85d90\" style=\"color:#6d6c6c\"><strong> Les modules se d\u00e9roulent via l\u2019alternance entre la transmission d\u2019informations, les \u00e9changes et la mise en \u0153uvre pratique au travers d\u2019exercices, de quiz, de cas pratiques ou de jeux de r\u00f4les.<br>\u2751 Mat\u00e9riel p\u00e9dagogique : Chaque support p\u00e9dagogique sera transmis au client par voie d\u00e9mat\u00e9rialis\u00e9e, qui l\u2019adressera aux participants en aval de la session de formation. Les \u00e9ventuelles reprographies du support p\u00e9dagogique sont \u00e0 la charge du client.<br>\u2751 Evaluation de la formation : La progression p\u00e9dagogique de nos programmes int\u00e8gre l\u2019\u00e9valuation des acquis de la formation tout au long du stage. Nous proc\u00e9dons \u00e9galement une \u00e9valuation \u00e0 chaud de nos formations. Elle permet de valider l\u2019ad\u00e9quation des m\u00e9thodes p\u00e9dagogiques propos\u00e9es,     la justesse de l\u2019animation r\u00e9alis\u00e9e par le formateur et l\u2019op\u00e9rationnalit\u00e9 des contenus. Une \u00e9valuation a \u00e9galement lieu \u00e0 froid, quelques semaines plus tard.<br>\u2751 Pr\u00e9paration de la formation : Afin de permettre au formateur de pr\u00e9parer au mieux la formation, le client s\u2019engage \u00e0 lui transmettre pr\u00e9alablement les documents utiles \u00e0 sa compr\u00e9hension des probl\u00e9matiques sp\u00e9cifiques de l\u2019entreprise :- Accord de mise en place du CSE, &#8211; R\u00e8glement int\u00e9rieur du CSE \u2013 Intitul\u00e9 de la Convention Collective ou tout autre document de nature \u00e0 am\u00e9liorer la prestation.<\/strong><\/p>\n\n\n\n<p class=\"has-text-align-center has-text-color has-link-color has-large-font-size wp-elements-3ef3468699d05f0158d7df751a42b85c\" style=\"color:#590927\"><strong>Formation sur mesure <\/strong><\/p>\n\n\n\n<p class=\"has-text-color has-background has-link-color has-medium-font-size wp-elements-42bc106475e624bdc320105abb9ebdb3\" style=\"color:#590927;background-color:#e4d2d2\"><strong>La formation est faite sur mesure pour les \u00e9lus ou les directeurs et le programme est ajustable de mani\u00e8re \u00e0 ce qu&rsquo;il corresponde au mieux aux besoins et attentes de chacun<\/strong><br><strong>MB2S assure l\u2019ensemble des formations sur les th\u00e9matiques des relations collectives du travail. Il en est de m\u00eame pour toutes les questions d\u2019accompagnement, de suivi ou d\u2019expertise. La th\u00e9matique qui vous int\u00e9resse n\u2019est pas dans la liste ci-dessus ?                                                                       Contactez nous, nous construisons aussi des formations sur mesure, cal\u00e9es selon vos besoins.<\/strong><\/p>\n\n\n\n<p class=\"has-text-color has-background has-link-color has-medium-font-size wp-elements-22e375159bd98ceab8593c5ae9eefe95\" style=\"color:#6d6c6c;background-color:#e4d2d2\"><strong>Courriel : <a href=\"mailto:contact@mb2sconsultants.fr\">contact@mb2sconsultants.fr<\/a><br>Mobile : 06.34.25.59.28<br>https:\/\/www.linkedin.com\/in\/pierre-menc%C3%A8s-83342858\/<\/strong><\/p>\n","protected":false},"excerpt":{"rendered":"<p>Pierre Menc\u00e8s Juriste de formation en droit du travail, formateur exp\u00e9riment\u00e9, sp\u00e9cialiste des relations collectives du travail depuis 1989, consultant ind\u00e9pendant depuis 2013.Poss\u00e9dant une connaissance approfondie des syndicats et des institutions repr\u00e9sentatives du personnel, il apporte son exp\u00e9rience, sa connaissance du terrain et son esprit de synth\u00e8se au service des relations sociales.Intervenant \u00e9galement pour de [&hellip;]<\/p>\n","protected":false},"author":1,"featured_media":0,"parent":0,"menu_order":0,"comment_status":"closed","ping_status":"closed","template":"","meta":{"footnotes":""},"class_list":["post-158","page","type-page","status-publish","hentry"],"_links":{"self":[{"href":"https:\/\/mb2sconsultants.fr\/index.php?rest_route=\/wp\/v2\/pages\/158","targetHints":{"allow":["GET"]}}],"collection":[{"href":"https:\/\/mb2sconsultants.fr\/index.php?rest_route=\/wp\/v2\/pages"}],"about":[{"href":"https:\/\/mb2sconsultants.fr\/index.php?rest_route=\/wp\/v2\/types\/page"}],"author":[{"embeddable":true,"href":"https:\/\/mb2sconsultants.fr\/index.php?rest_route=\/wp\/v2\/users\/1"}],"replies":[{"embeddable":true,"href":"https:\/\/mb2sconsultants.fr\/index.php?rest_route=%2Fwp%2Fv2%2Fcomments&post=158"}],"version-history":[{"count":89,"href":"https:\/\/mb2sconsultants.fr\/index.php?rest_route=\/wp\/v2\/pages\/158\/revisions"}],"predecessor-version":[{"id":329,"href":"https:\/\/mb2sconsultants.fr\/index.php?rest_route=\/wp\/v2\/pages\/158\/revisions\/329"}],"wp:attachment":[{"href":"https:\/\/mb2sconsultants.fr\/index.php?rest_route=%2Fwp%2Fv2%2Fmedia&parent=158"}],"curies":[{"name":"wp","href":"https:\/\/api.w.org\/{rel}","templated":true}]}}