{"id":126,"date":"2025-01-22T20:53:59","date_gmt":"2025-01-22T19:53:59","guid":{"rendered":"https:\/\/mb2sconsultants.fr\/?page_id=126"},"modified":"2025-02-20T15:12:11","modified_gmt":"2025-02-20T14:12:11","slug":"mentions-legales","status":"publish","type":"page","link":"https:\/\/mb2sconsultants.fr\/?page_id=126","title":{"rendered":"Mentions L\u00e9gales"},"content":{"rendered":"\n<p>Conform\u00e9ment aux dispositions des Articles 6-III et 19 de la Loi n\u00b02004-575 du 21 juin 2004 pour la Confiance dans l\u2019\u00e9conomie num\u00e9rique, dite L.C.E.N., il est port\u00e9 \u00e0 la connaissance des Utilisateurs du site mb2sconsultants.fr les pr\u00e9sentes mentions l\u00e9gales.<\/p>\n\n\n\n<p>Conform\u00e9ment \u00e0 la loi \u00ab informatique et libert\u00e9s \u00bb du 6 janvier 1978 modifi\u00e9e en 2004, vous b\u00e9n\u00e9ficiez d\u2019un droit d\u2019acc\u00e8s et de rectification aux informations qui vous concernent, que vous pouvez exercer en vous adressant \u00e0 contact@mb2sconsultants.fr.<\/p>\n\n\n\n<h3 class=\"wp-block-heading\">Article 1: L&rsquo;\u00e9diteur<\/h3>\n\n\n\n<p>L&rsquo;\u00e9dition du site mb2sconsultants.fr est assur\u00e9e par l&rsquo;entreprise: MB2S Consultants immatricul\u00e9e sous le num\u00e9ro 813 089 992 00032 dont le si\u00e8ge social est situ\u00e9 au 106 Chemin de Bost 71300 Gourdon.<\/p>\n\n\n\n<p>Responsable de la publication: MENCES Pierre<\/p>\n\n\n\n<p>Le responsable publication est une personne physique.<\/p>\n\n\n\n<h3 class=\"wp-block-heading\">Article 2: L&rsquo;h\u00e9bergeur<\/h3>\n\n\n\n<p>L&rsquo;h\u00e9bergeur du site mb2sconsultants.fr est l&rsquo;entreprise OVH SAS, dont le si\u00e8ge social est situ\u00e9 au 2 rue Kellermann 59100 Roubaix, immatricul\u00e9e sous le num\u00e9ro 424 761 419 00045<\/p>\n\n\n\n<h3 class=\"wp-block-heading\">Article 3: Acc\u00e8s au site<\/h3>\n\n\n\n<p>Le site est accessible par tout endroit, 7j\/7, 24h\/24 sauf cas de force majeure, interruption programm\u00e9e ou non et pouvant d\u00e9coulant d\u2019une n\u00e9cessit\u00e9 de maintenance.<\/p>\n\n\n\n<h3 class=\"wp-block-heading\">Article 4: Collecte des donn\u00e9es<\/h3>\n\n\n\n<p>Le site mb2sconsultants.fr ne collecte et n&rsquo;utilises aucune donn\u00e9es personnelles.<\/p>\n\n\n\n<h3 class=\"wp-block-heading\">Article 5 : Cookies<\/h3>\n\n\n\n<p>L\u2019Utilisateur est inform\u00e9 que lors de ses visites sur le site, un cookie peut s\u2019installer automatiquement sur son logiciel de navigation.<\/p>\n\n\n\n<p>En naviguant sur le site, il les accepte.<\/p>\n\n\n\n<p>Un cookie est un \u00e9l\u00e9ment qui ne permet pas d\u2019identifier l\u2019Utilisateur mais sert \u00e0 enregistrer des informations relatives \u00e0 la navigation de celui-ci sur le site Internet. L\u2019Utilisateur pourra d\u00e9sactiver ce cookie par l\u2019interm\u00e9diaire des param\u00e8tres figurant au sein de son logiciel de navigation. Cependant, le fonctionnement du site peut \u00eatre alt\u00e9r\u00e9.<\/p>\n\n\n\n<h3 class=\"wp-block-heading\">Article 6 : Propri\u00e9t\u00e9 intellectuelle<\/h3>\n\n\n\n<p>Toute utilisation, reproduction, diffusion, commercialisation, modification de toute ou partie du site mb2sconsultants.fr, sans autorisation de l\u2019Editeur est prohib\u00e9e et pourra entra\u00een\u00e9e des actions et poursuites judiciaires telles que notamment pr\u00e9vues par le Code de la propri\u00e9t\u00e9 intellectuelle et le Code civil.<\/p>\n","protected":false},"excerpt":{"rendered":"<p>Conform\u00e9ment aux dispositions des Articles 6-III et 19 de la Loi n\u00b02004-575 du 21 juin 2004 pour la Confiance dans l\u2019\u00e9conomie num\u00e9rique, dite L.C.E.N., il est port\u00e9 \u00e0 la connaissance des Utilisateurs du site mb2sconsultants.fr les pr\u00e9sentes mentions l\u00e9gales. Conform\u00e9ment \u00e0 la loi \u00ab informatique et libert\u00e9s \u00bb du 6 janvier 1978 modifi\u00e9e en 2004, [&hellip;]<\/p>\n","protected":false},"author":1,"featured_media":0,"parent":0,"menu_order":0,"comment_status":"closed","ping_status":"closed","template":"","meta":{"footnotes":""},"class_list":["post-126","page","type-page","status-publish","hentry"],"_links":{"self":[{"href":"https:\/\/mb2sconsultants.fr\/index.php?rest_route=\/wp\/v2\/pages\/126","targetHints":{"allow":["GET"]}}],"collection":[{"href":"https:\/\/mb2sconsultants.fr\/index.php?rest_route=\/wp\/v2\/pages"}],"about":[{"href":"https:\/\/mb2sconsultants.fr\/index.php?rest_route=\/wp\/v2\/types\/page"}],"author":[{"embeddable":true,"href":"https:\/\/mb2sconsultants.fr\/index.php?rest_route=\/wp\/v2\/users\/1"}],"replies":[{"embeddable":true,"href":"https:\/\/mb2sconsultants.fr\/index.php?rest_route=%2Fwp%2Fv2%2Fcomments&post=126"}],"version-history":[{"count":3,"href":"https:\/\/mb2sconsultants.fr\/index.php?rest_route=\/wp\/v2\/pages\/126\/revisions"}],"predecessor-version":[{"id":324,"href":"https:\/\/mb2sconsultants.fr\/index.php?rest_route=\/wp\/v2\/pages\/126\/revisions\/324"}],"wp:attachment":[{"href":"https:\/\/mb2sconsultants.fr\/index.php?rest_route=%2Fwp%2Fv2%2Fmedia&parent=126"}],"curies":[{"name":"wp","href":"https:\/\/api.w.org\/{rel}","templated":true}]}}